{"id":440,"date":"2019-01-20T17:24:41","date_gmt":"2019-01-20T17:24:41","guid":{"rendered":"https:\/\/www.edual.ch\/?page_id=440"},"modified":"2020-03-28T09:58:08","modified_gmt":"2020-03-28T09:58:08","slug":"impressum","status":"publish","type":"page","link":"https:\/\/www.edual.ch\/en\/impressum\/","title":{"rendered":"Impressum"},"content":{"rendered":"<div data-elementor-type=\"wp-post\" data-elementor-id=\"440\" class=\"elementor elementor-440\">\n\t\t\t\t\t\t<section class=\"elementor-section elementor-top-section elementor-element elementor-element-a6775bc elementor-section-boxed elementor-section-height-default elementor-section-height-default\" data-id=\"a6775bc\" data-element_type=\"section\" data-e-type=\"section\">\n\t\t\t\t\t\t<div class=\"elementor-container elementor-column-gap-default\">\n\t\t\t\t\t<div class=\"elementor-column elementor-col-100 elementor-top-column elementor-element elementor-element-d14641b\" data-id=\"d14641b\" data-element_type=\"column\" data-e-type=\"column\">\n\t\t\t<div class=\"elementor-widget-wrap elementor-element-populated\">\n\t\t\t\t\t\t<div class=\"elementor-element elementor-element-3dd29b4 elementor-widget elementor-widget-text-editor\" data-id=\"3dd29b4\" data-element_type=\"widget\" data-e-type=\"widget\" data-widget_type=\"text-editor.default\">\n\t\t\t\t<div class=\"elementor-widget-container\">\n\t\t\t\t\t\t\t\t\t<h4><b>Impressum<\/b><\/h4>\t\t\t\t\t\t\t\t<\/div>\n\t\t\t\t<\/div>\n\t\t\t\t\t<\/div>\n\t\t<\/div>\n\t\t\t\t\t<\/div>\n\t\t<\/section>\n\t\t\t\t<section class=\"elementor-section elementor-top-section elementor-element elementor-element-2784ad1 elementor-section-boxed elementor-section-height-default elementor-section-height-default\" data-id=\"2784ad1\" data-element_type=\"section\" data-e-type=\"section\">\n\t\t\t\t\t\t<div class=\"elementor-container elementor-column-gap-default\">\n\t\t\t\t\t<div class=\"elementor-column elementor-col-100 elementor-top-column elementor-element elementor-element-958806f\" data-id=\"958806f\" data-element_type=\"column\" data-e-type=\"column\">\n\t\t\t<div class=\"elementor-widget-wrap elementor-element-populated\">\n\t\t\t\t\t\t<div class=\"elementor-element elementor-element-20a0912 elementor-widget elementor-widget-text-editor\" data-id=\"20a0912\" data-element_type=\"widget\" data-e-type=\"widget\" data-widget_type=\"text-editor.default\">\n\t\t\t\t<div class=\"elementor-widget-container\">\n\t\t\t\t\t\t\t\t\t<p><strong>Verantwortlich f\u00fcr den Inhalt der Seite<\/strong><\/p>\n<p>edual Sprachschule<\/p>\n<p>Edina Bohni, Pascal Bohni<\/p>\n<p>Baarerstrasse 38 (vormals Lauriedstrasse 7)<\/p>\n<p>6300 Zug<\/p>\n<p>info@edual.ch<\/p>\n<p><\/p>\n<p><span style=\"letter-spacing: 0px; text-transform: inherit;\">Handelsreg. Nr.&nbsp;CHE-472.516.606<\/span><br><\/p>\n<p><\/p>\t\t\t\t\t\t\t\t<\/div>\n\t\t\t\t<\/div>\n\t\t\t\t\t<\/div>\n\t\t<\/div>\n\t\t\t\t\t<\/div>\n\t\t<\/section>\n\t\t\t\t<section class=\"elementor-section elementor-top-section elementor-element elementor-element-76e8e17 elementor-section-boxed elementor-section-height-default elementor-section-height-default\" data-id=\"76e8e17\" data-element_type=\"section\" data-e-type=\"section\">\n\t\t\t\t\t\t<div class=\"elementor-container elementor-column-gap-default\">\n\t\t\t\t\t<div class=\"elementor-column elementor-col-100 elementor-top-column elementor-element elementor-element-ceb8df4\" data-id=\"ceb8df4\" data-element_type=\"column\" data-e-type=\"column\">\n\t\t\t<div class=\"elementor-widget-wrap elementor-element-populated\">\n\t\t\t\t\t\t<div class=\"elementor-element elementor-element-c05b4cf elementor-widget elementor-widget-text-editor\" data-id=\"c05b4cf\" data-element_type=\"widget\" data-e-type=\"widget\" data-widget_type=\"text-editor.default\">\n\t\t\t\t<div class=\"elementor-widget-container\">\n\t\t\t\t\t\t\t\t\t<p><strong>Copyright<\/strong><\/p><p>Das Copyright f\u00fcr s\u00e4mtliche Inhalte dieser Website liegt bei edual Sprachschule.<\/p>\t\t\t\t\t\t\t\t<\/div>\n\t\t\t\t<\/div>\n\t\t\t\t\t<\/div>\n\t\t<\/div>\n\t\t\t\t\t<\/div>\n\t\t<\/section>\n\t\t\t\t<section class=\"elementor-section elementor-top-section elementor-element elementor-element-f053611 elementor-section-boxed elementor-section-height-default elementor-section-height-default\" data-id=\"f053611\" data-element_type=\"section\" data-e-type=\"section\">\n\t\t\t\t\t\t<div class=\"elementor-container elementor-column-gap-default\">\n\t\t\t\t\t<div class=\"elementor-column elementor-col-100 elementor-top-column elementor-element elementor-element-bd2ebe1\" data-id=\"bd2ebe1\" data-element_type=\"column\" data-e-type=\"column\">\n\t\t\t<div class=\"elementor-widget-wrap elementor-element-populated\">\n\t\t\t\t\t\t<div class=\"elementor-element elementor-element-a35d13d elementor-widget elementor-widget-text-editor\" data-id=\"a35d13d\" data-element_type=\"widget\" data-e-type=\"widget\" data-widget_type=\"text-editor.default\">\n\t\t\t\t<div class=\"elementor-widget-container\">\n\t\t\t\t\t\t\t\t\t<p><strong>Discraimler<\/strong><\/p><p>Alle Texte und Links wurden sorgf\u00e4ltig gepr\u00fcft und werden laufend aktualisiert. Wir sind bem\u00fcht, richtige und vollst\u00e4ndige Informationen auf dieser Website bereitzustellen, \u00fcbernehmen aber keinerlei Verantwortung, Garantien oder Haftung daf\u00fcr, dass die durch diese Website bereitgestellten Informationen, richtig, vollst\u00e4ndig oder aktuell sind. Wir behalten uns das Recht vor, jederzeit und ohne Vorank\u00fcndigung die Informationen auf dieser Website zu \u00e4ndern und verpflichten uns auch nicht, die enthaltenen Informationen zu aktualisieren. Alle Links zu externen Anbietern wurden zum Zeitpunkt ihrer Aufnahme auf ihre Richtigkeit \u00fcberpr\u00fcft, dennoch haften wir nicht f\u00fcr Inhalte und Verf\u00fcgbarkeit von Websites, die mittels Hyperlinks zu erreichen sind. F\u00fcr illegale, fehlerhafte oder unvollst\u00e4ndige Inhalte und insbesondere f\u00fcr Sch\u00e4den, die durch Inhalte verkn\u00fcpfter Seiten entstehen, haftet allein der Anbieter der Seite, auf welche verwiesen wurde. Dabei ist es gleichg\u00fcltig, ob der Schaden direkter, indirekter oder finanzieller Natur ist oder ein sonstiger Schaden vorliegt, der sich aus Datenverlust, Nutzungsausfall oder anderen Gr\u00fcnden aller Art ergeben k\u00f6nnte.<\/p>\t\t\t\t\t\t\t\t<\/div>\n\t\t\t\t<\/div>\n\t\t\t\t\t<\/div>\n\t\t<\/div>\n\t\t\t\t\t<\/div>\n\t\t<\/section>\n\t\t\t\t<section class=\"elementor-section elementor-top-section elementor-element elementor-element-19991b8 elementor-section-boxed elementor-section-height-default elementor-section-height-default\" data-id=\"19991b8\" data-element_type=\"section\" data-e-type=\"section\">\n\t\t\t\t\t\t<div class=\"elementor-container elementor-column-gap-default\">\n\t\t\t\t\t<div class=\"elementor-column elementor-col-100 elementor-top-column elementor-element elementor-element-7977a45\" data-id=\"7977a45\" data-element_type=\"column\" data-e-type=\"column\">\n\t\t\t<div class=\"elementor-widget-wrap elementor-element-populated\">\n\t\t\t\t\t\t<div class=\"elementor-element elementor-element-438f3a4 elementor-widget elementor-widget-text-editor\" data-id=\"438f3a4\" data-element_type=\"widget\" data-e-type=\"widget\" data-widget_type=\"text-editor.default\">\n\t\t\t\t<div class=\"elementor-widget-container\">\n\t\t\t\t\t\t\t\t\t<p><strong>Datenschutz<\/strong><\/p><p>F\u00fcr die Sicherheit der Daten\u00fcbertragung im Internet k\u00f6nnen wir keine Gew\u00e4hr \u00fcbernehmen, insbesondere besteht bei der \u00dcbertragung von Daten per E-Mail die Gefahr des Zugriffs durch Dritte.<\/p><p>Einer Nutzung der im Impressum ver\u00f6ffentlichten Kontaktdaten durch Dritte zu Werbezwecken wird hiermit ausdr\u00fccklich widersprochen. Der Betreiber beh\u00e4lt sich f\u00fcr den Fall unverlangt zugesandter Werbe- oder Informationsmaterialien ausdr\u00fccklich rechtliche Schritte vor.<\/p><p>Sollten einzelne Regelungen oder Formulierungen dieses Haftungsausschlusses unwirksam sein oder werden, bleiben die \u00fcbrigen Regelungen in ihrem Inhalt und ihrer G\u00fcltigkeit hiervon unber\u00fchrt.<\/p>\t\t\t\t\t\t\t\t<\/div>\n\t\t\t\t<\/div>\n\t\t\t\t\t<\/div>\n\t\t<\/div>\n\t\t\t\t\t<\/div>\n\t\t<\/section>\n\t\t\t\t<section class=\"elementor-section elementor-top-section elementor-element elementor-element-90821dc elementor-section-boxed elementor-section-height-default elementor-section-height-default\" data-id=\"90821dc\" data-element_type=\"section\" data-e-type=\"section\">\n\t\t\t\t\t\t<div class=\"elementor-container elementor-column-gap-default\">\n\t\t\t\t\t<div class=\"elementor-column elementor-col-100 elementor-top-column elementor-element elementor-element-0b160a0\" data-id=\"0b160a0\" data-element_type=\"column\" data-e-type=\"column\">\n\t\t\t<div class=\"elementor-widget-wrap elementor-element-populated\">\n\t\t\t\t\t\t<div class=\"elementor-element elementor-element-884f7c2 elementor-widget elementor-widget-text-editor\" data-id=\"884f7c2\" data-element_type=\"widget\" data-e-type=\"widget\" data-widget_type=\"text-editor.default\">\n\t\t\t\t<div class=\"elementor-widget-container\">\n\t\t\t\t\t\t\t\t\t<p><strong>Google Analytics<\/strong><\/p><p>Diese Website benutzt Google Analytics, einen Webanalysedienst der Google Inc. (\u201eGoogle\u201c). Google Analytics verwendet sog. \u201eCookies\u201c, Textdateien, die auf Ihrem Computer gespeichert werden und die eine Analyse der Benutzung der Website durch Sie erm\u00f6glichen. Die durch den Cookie erzeugten Informationen \u00fcber Ihre Benutzung dieser Website werden in der Regel an einen Server von Google in den USA \u00fcbertragen und dort gespeichert. Im Falle der Aktivierung der IP-Anonymisierung auf dieser Webseite, wird Ihre IP-Adresse von Google jedoch innerhalb von Mitgliedstaaten der Europ\u00e4ischen Union oder in anderen Vertragsstaaten des Abkommens \u00fcber den Europ\u00e4ischen Wirtschaftsraum zuvor gek\u00fcrzt. Nur in Ausnahmef\u00e4llen wird die volle IP-Adresse an einen Server von Google in den USA \u00fcbertragen und dort gek\u00fcrzt. Im Auftrag des Betreibers dieser Website wird Google diese Informationen benutzen, um Ihre Nutzung der Website auszuwerten, um Reports \u00fcber die Websiteaktivit\u00e4ten zusammenzustellen und um weitere mit der Websitenutzung und der Internetnutzung verbundene Dienstleistungen gegen\u00fcber dem Websitebetreiber zu erbringenDie im Rahmen von Google Analytics von Ihrem Browser \u00fcbermittelte IP-Adresse wird nicht mit anderen Daten von Google zusammengef\u00fchrt. Sie k\u00f6nnen die Speicherung der Cookies durch eine entsprechende Einstellung Ihrer Browser-Software verhindern; wir weisen Sie jedoch darauf hin, dass Sie in diesem Fall gegebenenfalls nicht s\u00e4mtliche Funktionen dieser Website vollumf\u00e4nglich werden nutzen k\u00f6nnen.\u00a0 Sie k\u00f6nnen dar\u00fcber hinaus die Erfassung der durch das Cookie erzeugten und auf Ihre Nutzung der Website bezogenen Daten (inkl. Ihrer IP-Adresse) an Google sowie die Verarbeitung dieser Daten durch Google verhindern, indem sie das unter dem folgenden Link verf\u00fcgbare Browser-Plugin herunterladen und installieren. Der aktuelle Link ist\u00a0http:\/\/tools.google.com\/dlpage\/gaoptout?hl=de].<\/p>\t\t\t\t\t\t\t\t<\/div>\n\t\t\t\t<\/div>\n\t\t\t\t\t<\/div>\n\t\t<\/div>\n\t\t\t\t\t<\/div>\n\t\t<\/section>\n\t\t\t\t<\/div>","protected":false},"excerpt":{"rendered":"<p>Impressum Verantwortlich f\u00fcr den Inhalt der Seite edual Sprachschule Edina Bohni, Pascal Bohni Baarerstrasse 38 (vormals Lauriedstrasse 7) 6300 Zug info@edual.ch Handelsreg. Nr.&nbsp;CHE-472.516.606 Copyright Das Copyright f\u00fcr s\u00e4mtliche Inhalte dieser Website liegt bei edual Sprachschule. Discraimler Alle Texte und Links <a href=\"https:\/\/www.edual.ch\/en\/impressum\/\"> Read more&#8230;<\/a><\/p>","protected":false},"author":3,"featured_media":0,"parent":0,"menu_order":0,"comment_status":"closed","ping_status":"closed","template":"","meta":{"_monsterinsights_skip_tracking":false,"_monsterinsights_sitenote_active":false,"_monsterinsights_sitenote_note":"","_monsterinsights_sitenote_category":0,"footnotes":""},"class_list":["post-440","page","type-page","status-publish","hentry"],"yoast_head":"<!-- This site is optimized with the Yoast SEO plugin v27.5 - https:\/\/yoast.com\/product\/yoast-seo-wordpress\/ -->\n<title>Impressum - edual Sprachschule<\/title>\n<meta name=\"description\" content=\"Die Sprachschule f\u00fcr deinen individuellen Sprachunterricht in kleinen Gruppen f\u00fcr Deutsch, Englisch und Ungarisch zu attraktiven Preisen.\" \/>\n<meta name=\"robots\" content=\"index, follow, max-snippet:-1, max-image-preview:large, max-video-preview:-1\" \/>\n<link rel=\"canonical\" href=\"https:\/\/www.edual.ch\/en\/impressum\/\" \/>\n<meta property=\"og:locale\" content=\"en_US\" \/>\n<meta property=\"og:type\" content=\"article\" \/>\n<meta property=\"og:title\" content=\"Impressum - edual Sprachschule\" \/>\n<meta property=\"og:description\" content=\"Die Sprachschule f\u00fcr deinen individuellen Sprachunterricht in kleinen Gruppen f\u00fcr Deutsch, Englisch und Ungarisch zu attraktiven Preisen.\" \/>\n<meta property=\"og:url\" content=\"https:\/\/www.edual.ch\/en\/impressum\/\" \/>\n<meta property=\"og:site_name\" content=\"edual Sprachschule\" \/>\n<meta property=\"article:modified_time\" content=\"2020-03-28T09:58:08+00:00\" \/>\n<meta name=\"twitter:card\" content=\"summary_large_image\" \/>\n<meta name=\"twitter:label1\" content=\"Est. reading time\" \/>\n\t<meta name=\"twitter:data1\" content=\"3 minutes\" \/>\n<script type=\"application\/ld+json\" class=\"yoast-schema-graph\">{\"@context\":\"https:\\\/\\\/schema.org\",\"@graph\":[{\"@type\":\"WebPage\",\"@id\":\"https:\\\/\\\/www.edual.ch\\\/impressum\\\/\",\"url\":\"https:\\\/\\\/www.edual.ch\\\/impressum\\\/\",\"name\":\"Impressum - edual Sprachschule\",\"isPartOf\":{\"@id\":\"https:\\\/\\\/www.edual.ch\\\/#website\"},\"datePublished\":\"2019-01-20T17:24:41+00:00\",\"dateModified\":\"2020-03-28T09:58:08+00:00\",\"description\":\"Die Sprachschule f\u00fcr deinen individuellen Sprachunterricht in kleinen Gruppen f\u00fcr Deutsch, Englisch und Ungarisch zu attraktiven Preisen.\",\"breadcrumb\":{\"@id\":\"https:\\\/\\\/www.edual.ch\\\/impressum\\\/#breadcrumb\"},\"inLanguage\":\"en-US\",\"potentialAction\":[{\"@type\":\"ReadAction\",\"target\":[\"https:\\\/\\\/www.edual.ch\\\/impressum\\\/\"]}]},{\"@type\":\"BreadcrumbList\",\"@id\":\"https:\\\/\\\/www.edual.ch\\\/impressum\\\/#breadcrumb\",\"itemListElement\":[{\"@type\":\"ListItem\",\"position\":1,\"name\":\"Home\",\"item\":\"https:\\\/\\\/www.edual.ch\\\/\"},{\"@type\":\"ListItem\",\"position\":2,\"name\":\"Impressum\"}]},{\"@type\":\"WebSite\",\"@id\":\"https:\\\/\\\/www.edual.ch\\\/#website\",\"url\":\"https:\\\/\\\/www.edual.ch\\\/\",\"name\":\"edual Sprachschule\",\"description\":\"Sprachschule\",\"publisher\":{\"@id\":\"https:\\\/\\\/www.edual.ch\\\/#organization\"},\"potentialAction\":[{\"@type\":\"SearchAction\",\"target\":{\"@type\":\"EntryPoint\",\"urlTemplate\":\"https:\\\/\\\/www.edual.ch\\\/?s={search_term_string}\"},\"query-input\":{\"@type\":\"PropertyValueSpecification\",\"valueRequired\":true,\"valueName\":\"search_term_string\"}}],\"inLanguage\":\"en-US\"},{\"@type\":\"Organization\",\"@id\":\"https:\\\/\\\/www.edual.ch\\\/#organization\",\"name\":\"edual Sprachschule\",\"url\":\"https:\\\/\\\/www.edual.ch\\\/\",\"logo\":{\"@type\":\"ImageObject\",\"inLanguage\":\"en-US\",\"@id\":\"https:\\\/\\\/www.edual.ch\\\/#\\\/schema\\\/logo\\\/image\\\/\",\"url\":\"https:\\\/\\\/www.edual.ch\\\/wp-content\\\/uploads\\\/2019\\\/01\\\/logo_edual2.png\",\"contentUrl\":\"https:\\\/\\\/www.edual.ch\\\/wp-content\\\/uploads\\\/2019\\\/01\\\/logo_edual2.png\",\"width\":1486,\"height\":1289,\"caption\":\"edual Sprachschule\"},\"image\":{\"@id\":\"https:\\\/\\\/www.edual.ch\\\/#\\\/schema\\\/logo\\\/image\\\/\"}}]}<\/script>\n<!-- \/ Yoast SEO plugin. -->","yoast_head_json":{"title":"Impressum - edual Sprachschule","description":"Die Sprachschule f\u00fcr deinen individuellen Sprachunterricht in kleinen Gruppen f\u00fcr Deutsch, Englisch und Ungarisch zu attraktiven Preisen.","robots":{"index":"index","follow":"follow","max-snippet":"max-snippet:-1","max-image-preview":"max-image-preview:large","max-video-preview":"max-video-preview:-1"},"canonical":"https:\/\/www.edual.ch\/en\/impressum\/","og_locale":"en_US","og_type":"article","og_title":"Impressum - edual Sprachschule","og_description":"Die Sprachschule f\u00fcr deinen individuellen Sprachunterricht in kleinen Gruppen f\u00fcr Deutsch, Englisch und Ungarisch zu attraktiven Preisen.","og_url":"https:\/\/www.edual.ch\/en\/impressum\/","og_site_name":"edual Sprachschule","article_modified_time":"2020-03-28T09:58:08+00:00","twitter_card":"summary_large_image","twitter_misc":{"Est. reading time":"3 minutes"},"schema":{"@context":"https:\/\/schema.org","@graph":[{"@type":"WebPage","@id":"https:\/\/www.edual.ch\/impressum\/","url":"https:\/\/www.edual.ch\/impressum\/","name":"Impressum - edual Sprachschule","isPartOf":{"@id":"https:\/\/www.edual.ch\/#website"},"datePublished":"2019-01-20T17:24:41+00:00","dateModified":"2020-03-28T09:58:08+00:00","description":"Die Sprachschule f\u00fcr deinen individuellen Sprachunterricht in kleinen Gruppen f\u00fcr Deutsch, Englisch und Ungarisch zu attraktiven Preisen.","breadcrumb":{"@id":"https:\/\/www.edual.ch\/impressum\/#breadcrumb"},"inLanguage":"en-US","potentialAction":[{"@type":"ReadAction","target":["https:\/\/www.edual.ch\/impressum\/"]}]},{"@type":"BreadcrumbList","@id":"https:\/\/www.edual.ch\/impressum\/#breadcrumb","itemListElement":[{"@type":"ListItem","position":1,"name":"Home","item":"https:\/\/www.edual.ch\/"},{"@type":"ListItem","position":2,"name":"Impressum"}]},{"@type":"WebSite","@id":"https:\/\/www.edual.ch\/#website","url":"https:\/\/www.edual.ch\/","name":"edual Sprachschule","description":"Sprachschule","publisher":{"@id":"https:\/\/www.edual.ch\/#organization"},"potentialAction":[{"@type":"SearchAction","target":{"@type":"EntryPoint","urlTemplate":"https:\/\/www.edual.ch\/?s={search_term_string}"},"query-input":{"@type":"PropertyValueSpecification","valueRequired":true,"valueName":"search_term_string"}}],"inLanguage":"en-US"},{"@type":"Organization","@id":"https:\/\/www.edual.ch\/#organization","name":"edual Sprachschule","url":"https:\/\/www.edual.ch\/","logo":{"@type":"ImageObject","inLanguage":"en-US","@id":"https:\/\/www.edual.ch\/#\/schema\/logo\/image\/","url":"https:\/\/www.edual.ch\/wp-content\/uploads\/2019\/01\/logo_edual2.png","contentUrl":"https:\/\/www.edual.ch\/wp-content\/uploads\/2019\/01\/logo_edual2.png","width":1486,"height":1289,"caption":"edual Sprachschule"},"image":{"@id":"https:\/\/www.edual.ch\/#\/schema\/logo\/image\/"}}]}},"jetpack_sharing_enabled":true,"_links":{"self":[{"href":"https:\/\/www.edual.ch\/en\/wp-json\/wp\/v2\/pages\/440","targetHints":{"allow":["GET"]}}],"collection":[{"href":"https:\/\/www.edual.ch\/en\/wp-json\/wp\/v2\/pages"}],"about":[{"href":"https:\/\/www.edual.ch\/en\/wp-json\/wp\/v2\/types\/page"}],"author":[{"embeddable":true,"href":"https:\/\/www.edual.ch\/en\/wp-json\/wp\/v2\/users\/3"}],"replies":[{"embeddable":true,"href":"https:\/\/www.edual.ch\/en\/wp-json\/wp\/v2\/comments?post=440"}],"version-history":[{"count":9,"href":"https:\/\/www.edual.ch\/en\/wp-json\/wp\/v2\/pages\/440\/revisions"}],"predecessor-version":[{"id":2105,"href":"https:\/\/www.edual.ch\/en\/wp-json\/wp\/v2\/pages\/440\/revisions\/2105"}],"wp:attachment":[{"href":"https:\/\/www.edual.ch\/en\/wp-json\/wp\/v2\/media?parent=440"}],"curies":[{"name":"wp","href":"https:\/\/api.w.org\/{rel}","templated":true}]}}