{"id":7,"date":"2017-08-20T10:43:07","date_gmt":"2017-08-20T10:43:07","guid":{"rendered":"https:\/\/www.edual.ch\/?page_id=7"},"modified":"2026-02-15T10:02:37","modified_gmt":"2026-02-15T10:02:37","slug":"startseite","status":"publish","type":"page","link":"https:\/\/www.edual.ch\/en\/","title":{"rendered":"Lernen in Kleingruppen"},"content":{"rendered":"<div data-elementor-type=\"wp-page\" data-elementor-id=\"7\" class=\"elementor elementor-7\">\n\t\t\t\t\t\t<section class=\"elementor-section elementor-top-section elementor-element elementor-element-42b1347 elementor-section-boxed elementor-section-height-default elementor-section-height-default\" data-id=\"42b1347\" data-element_type=\"section\" data-e-type=\"section\">\n\t\t\t\t\t\t<div class=\"elementor-container elementor-column-gap-default\">\n\t\t\t\t\t<div class=\"elementor-column elementor-col-100 elementor-top-column elementor-element elementor-element-3e62aab\" data-id=\"3e62aab\" data-element_type=\"column\" data-e-type=\"column\">\n\t\t\t<div class=\"elementor-widget-wrap elementor-element-populated\">\n\t\t\t\t\t\t<div class=\"elementor-element elementor-element-006bbee elementor-widget elementor-widget-text-editor\" data-id=\"006bbee\" data-element_type=\"widget\" data-e-type=\"widget\" data-widget_type=\"text-editor.default\">\n\t\t\t\t<div class=\"elementor-widget-container\">\n\t\t\t\t\t\t\t\t\t<div class=\"elementor-element-overlay\">\u00a0<\/div><div class=\"elementor-column-wrap elementor-element-populated\"><div class=\"elementor-widget-wrap ui-sortable\"><div class=\"elementor-element elementor-element-edit-mode elementor-element-6b5a30ad elementor-element--toggle-edit-tools elementor-widget elementor-widget-text-editor\" data-id=\"6b5a30ad\" data-element_type=\"text-editor.default\" data-model-cid=\"c31\"><div class=\"elementor-widget-container\"><div class=\"elementor-text-editor elementor-clearfix elementor-inline-editing\" data-elementor-setting-key=\"editor\" data-elementor-inline-editing-toolbar=\"advanced\"><h4><b>The language school for your individual personal language lessons.<\/b><\/h4><\/div><\/div><\/div><\/div><\/div>\t\t\t\t\t\t\t\t<\/div>\n\t\t\t\t<\/div>\n\t\t\t\t\t<\/div>\n\t\t<\/div>\n\t\t\t\t\t<\/div>\n\t\t<\/section>\n\t\t\t\t<section class=\"elementor-section elementor-top-section elementor-element elementor-element-714ad39 elementor-section-boxed elementor-section-height-default elementor-section-height-default\" data-id=\"714ad39\" data-element_type=\"section\" data-e-type=\"section\">\n\t\t\t\t\t\t<div class=\"elementor-container elementor-column-gap-default\">\n\t\t\t\t\t<div class=\"elementor-column elementor-col-33 elementor-top-column elementor-element elementor-element-f078d78\" data-id=\"f078d78\" data-element_type=\"column\" data-e-type=\"column\">\n\t\t\t<div class=\"elementor-widget-wrap elementor-element-populated\">\n\t\t\t\t\t\t<div class=\"elementor-element elementor-element-ccb8669 elementor-widget elementor-widget-heading\" data-id=\"ccb8669\" data-element_type=\"widget\" data-e-type=\"widget\" data-widget_type=\"heading.default\">\n\t\t\t\t<div class=\"elementor-widget-container\">\n\t\t\t\t\t<h3 class=\"elementor-heading-title elementor-size-default\">Quality<\/h3>\t\t\t\t<\/div>\n\t\t\t\t<\/div>\n\t\t\t\t<div class=\"elementor-element elementor-element-eb7b4f4 elementor-widget-divider--view-line elementor-widget elementor-widget-divider\" data-id=\"eb7b4f4\" data-element_type=\"widget\" data-e-type=\"widget\" data-widget_type=\"divider.default\">\n\t\t\t\t<div class=\"elementor-widget-container\">\n\t\t\t\t\t\t\t<div class=\"elementor-divider\">\n\t\t\t<span class=\"elementor-divider-separator\">\n\t\t\t\t\t\t<\/span>\n\t\t<\/div>\n\t\t\t\t\t\t<\/div>\n\t\t\t\t<\/div>\n\t\t\t\t<div class=\"elementor-element elementor-element-40d49cc elementor-widget elementor-widget-text-editor\" data-id=\"40d49cc\" data-element_type=\"widget\" data-e-type=\"widget\" data-widget_type=\"text-editor.default\">\n\t\t\t\t<div class=\"elementor-widget-container\">\n\t\t\t\t\t\t\t\t\t<p><span style=\"color: #7a7a7a;\">We teach with passion and competent teachers. The high motivation for teaching is reflected in the high quality of our teaching.<\/span><\/p>\t\t\t\t\t\t\t\t<\/div>\n\t\t\t\t<\/div>\n\t\t\t\t\t<\/div>\n\t\t<\/div>\n\t\t\t\t<div class=\"elementor-column elementor-col-33 elementor-top-column elementor-element elementor-element-6359e9e\" data-id=\"6359e9e\" data-element_type=\"column\" data-e-type=\"column\">\n\t\t\t<div class=\"elementor-widget-wrap elementor-element-populated\">\n\t\t\t\t\t\t<div class=\"elementor-element elementor-element-513c019 elementor-widget elementor-widget-heading\" data-id=\"513c019\" data-element_type=\"widget\" data-e-type=\"widget\" data-widget_type=\"heading.default\">\n\t\t\t\t<div class=\"elementor-widget-container\">\n\t\t\t\t\t<h3 class=\"elementor-heading-title elementor-size-default\">Experience<\/h3>\t\t\t\t<\/div>\n\t\t\t\t<\/div>\n\t\t\t\t<div class=\"elementor-element elementor-element-df5f35d elementor-widget-divider--view-line elementor-widget elementor-widget-divider\" data-id=\"df5f35d\" data-element_type=\"widget\" data-e-type=\"widget\" data-widget_type=\"divider.default\">\n\t\t\t\t<div class=\"elementor-widget-container\">\n\t\t\t\t\t\t\t<div class=\"elementor-divider\">\n\t\t\t<span class=\"elementor-divider-separator\">\n\t\t\t\t\t\t<\/span>\n\t\t<\/div>\n\t\t\t\t\t\t<\/div>\n\t\t\t\t<\/div>\n\t\t\t\t<div class=\"elementor-element elementor-element-76632bf elementor-widget elementor-widget-text-editor\" data-id=\"76632bf\" data-element_type=\"widget\" data-e-type=\"widget\" data-widget_type=\"text-editor.default\">\n\t\t\t\t<div class=\"elementor-widget-container\">\n\t\t\t\t\t\t\t\t\t<p><span style=\"color: #7a7a7a;\">We have been teaching at language schools for several years and this experience enables us to put ourselves in the position of the students. Our teachers know exactly what it means to learn German as a foreign language. The lessons are conducted individually and flexibly.<\/span><\/p>\t\t\t\t\t\t\t\t<\/div>\n\t\t\t\t<\/div>\n\t\t\t\t\t<\/div>\n\t\t<\/div>\n\t\t\t\t<div class=\"elementor-column elementor-col-33 elementor-top-column elementor-element elementor-element-ddae5d9\" data-id=\"ddae5d9\" data-element_type=\"column\" data-e-type=\"column\">\n\t\t\t<div class=\"elementor-widget-wrap elementor-element-populated\">\n\t\t\t\t\t\t<div class=\"elementor-element elementor-element-354ca11 elementor-widget elementor-widget-heading\" data-id=\"354ca11\" data-element_type=\"widget\" data-e-type=\"widget\" data-widget_type=\"heading.default\">\n\t\t\t\t<div class=\"elementor-widget-container\">\n\t\t\t\t\t<h3 class=\"elementor-heading-title elementor-size-default\">Guarantee<\/h3>\t\t\t\t<\/div>\n\t\t\t\t<\/div>\n\t\t\t\t<div class=\"elementor-element elementor-element-5c2e3d6 elementor-widget-divider--view-line elementor-widget elementor-widget-divider\" data-id=\"5c2e3d6\" data-element_type=\"widget\" data-e-type=\"widget\" data-widget_type=\"divider.default\">\n\t\t\t\t<div class=\"elementor-widget-container\">\n\t\t\t\t\t\t\t<div class=\"elementor-divider\">\n\t\t\t<span class=\"elementor-divider-separator\">\n\t\t\t\t\t\t<\/span>\n\t\t<\/div>\n\t\t\t\t\t\t<\/div>\n\t\t\t\t<\/div>\n\t\t\t\t<div class=\"elementor-element elementor-element-234dd69 elementor-widget elementor-widget-text-editor\" data-id=\"234dd69\" data-element_type=\"widget\" data-e-type=\"widget\" data-widget_type=\"text-editor.default\">\n\t\t\t\t<div class=\"elementor-widget-container\">\n\t\t\t\t\t\t\t\t\t<p><span style=\"color: #7a7a7a;\">Get to know us in a <strong>free trial lesson<\/strong> his way you can make sure that we are the right teachers for your lessons.\u00a0\u00a0<\/span><\/p><p><span style=\"color: #7a7a7a;\">We guarantee that your language lessons will be fun.<\/span><\/p>\t\t\t\t\t\t\t\t<\/div>\n\t\t\t\t<\/div>\n\t\t\t\t\t<\/div>\n\t\t<\/div>\n\t\t\t\t\t<\/div>\n\t\t<\/section>\n\t\t\t\t<section class=\"elementor-section elementor-top-section elementor-element elementor-element-14752aa elementor-section-boxed elementor-section-height-default elementor-section-height-default\" data-id=\"14752aa\" data-element_type=\"section\" data-e-type=\"section\">\n\t\t\t\t\t\t<div class=\"elementor-container elementor-column-gap-default\">\n\t\t\t\t\t<div class=\"elementor-column elementor-col-33 elementor-top-column elementor-element elementor-element-bab6a4a\" data-id=\"bab6a4a\" data-element_type=\"column\" data-e-type=\"column\">\n\t\t\t<div class=\"elementor-widget-wrap elementor-element-populated\">\n\t\t\t\t\t\t<div class=\"elementor-element elementor-element-38a1ef7 elementor-widget elementor-widget-heading\" data-id=\"38a1ef7\" data-element_type=\"widget\" data-e-type=\"widget\" data-widget_type=\"heading.default\">\n\t\t\t\t<div class=\"elementor-widget-container\">\n\t\t\t\t\t<h3 class=\"elementor-heading-title elementor-size-default\">Personality<\/h3>\t\t\t\t<\/div>\n\t\t\t\t<\/div>\n\t\t\t\t<div class=\"elementor-element elementor-element-5c0f13b elementor-widget-divider--view-line elementor-widget elementor-widget-divider\" data-id=\"5c0f13b\" data-element_type=\"widget\" data-e-type=\"widget\" data-widget_type=\"divider.default\">\n\t\t\t\t<div class=\"elementor-widget-container\">\n\t\t\t\t\t\t\t<div class=\"elementor-divider\">\n\t\t\t<span class=\"elementor-divider-separator\">\n\t\t\t\t\t\t<\/span>\n\t\t<\/div>\n\t\t\t\t\t\t<\/div>\n\t\t\t\t<\/div>\n\t\t\t\t<div class=\"elementor-element elementor-element-f208e92 elementor-widget elementor-widget-text-editor\" data-id=\"f208e92\" data-element_type=\"widget\" data-e-type=\"widget\" data-widget_type=\"text-editor.default\">\n\t\t\t\t<div class=\"elementor-widget-container\">\n\t\t\t\t\t\t\t\t\t<p><span style=\"color: #7a7a7a;\">The lessons are individually customised to suit personal needs.<\/span><\/p>\t\t\t\t\t\t\t\t<\/div>\n\t\t\t\t<\/div>\n\t\t\t\t\t<\/div>\n\t\t<\/div>\n\t\t\t\t<div class=\"elementor-column elementor-col-33 elementor-top-column elementor-element elementor-element-370acb3\" data-id=\"370acb3\" data-element_type=\"column\" data-e-type=\"column\">\n\t\t\t<div class=\"elementor-widget-wrap elementor-element-populated\">\n\t\t\t\t\t\t<div class=\"elementor-element elementor-element-a9110d0 elementor-widget elementor-widget-heading\" data-id=\"a9110d0\" data-element_type=\"widget\" data-e-type=\"widget\" data-widget_type=\"heading.default\">\n\t\t\t\t<div class=\"elementor-widget-container\">\n\t\t\t\t\t<h3 class=\"elementor-heading-title elementor-size-default\">Teaching material<\/h3>\t\t\t\t<\/div>\n\t\t\t\t<\/div>\n\t\t\t\t<div class=\"elementor-element elementor-element-eb276ce elementor-widget-divider--view-line elementor-widget elementor-widget-divider\" data-id=\"eb276ce\" data-element_type=\"widget\" data-e-type=\"widget\" data-widget_type=\"divider.default\">\n\t\t\t\t<div class=\"elementor-widget-container\">\n\t\t\t\t\t\t\t<div class=\"elementor-divider\">\n\t\t\t<span class=\"elementor-divider-separator\">\n\t\t\t\t\t\t<\/span>\n\t\t<\/div>\n\t\t\t\t\t\t<\/div>\n\t\t\t\t<\/div>\n\t\t\t\t<div class=\"elementor-element elementor-element-e7b76d4 elementor-widget elementor-widget-text-editor\" data-id=\"e7b76d4\" data-element_type=\"widget\" data-e-type=\"widget\" data-widget_type=\"text-editor.default\">\n\t\t\t\t<div class=\"elementor-widget-container\">\n\t\t\t\t\t\t\t\t\t<p><span style=\"color: #7a7a7a;\">The language lessons are based on proven course books with extended free additional materials. The teaching materials are aimed at adults and are suitable for German as a foreign language.<\/span><\/p>\t\t\t\t\t\t\t\t<\/div>\n\t\t\t\t<\/div>\n\t\t\t\t\t<\/div>\n\t\t<\/div>\n\t\t\t\t<div class=\"elementor-column elementor-col-33 elementor-top-column elementor-element elementor-element-a5da52b\" data-id=\"a5da52b\" data-element_type=\"column\" data-e-type=\"column\">\n\t\t\t<div class=\"elementor-widget-wrap elementor-element-populated\">\n\t\t\t\t\t\t<div class=\"elementor-element elementor-element-db1396c elementor-widget elementor-widget-heading\" data-id=\"db1396c\" data-element_type=\"widget\" data-e-type=\"widget\" data-widget_type=\"heading.default\">\n\t\t\t\t<div class=\"elementor-widget-container\">\n\t\t\t\t\t<h3 class=\"elementor-heading-title elementor-size-default\">Trial lesson<\/h3>\t\t\t\t<\/div>\n\t\t\t\t<\/div>\n\t\t\t\t<div class=\"elementor-element elementor-element-a6bed9b elementor-widget-divider--view-line elementor-widget elementor-widget-divider\" data-id=\"a6bed9b\" data-element_type=\"widget\" data-e-type=\"widget\" data-widget_type=\"divider.default\">\n\t\t\t\t<div class=\"elementor-widget-container\">\n\t\t\t\t\t\t\t<div class=\"elementor-divider\">\n\t\t\t<span class=\"elementor-divider-separator\">\n\t\t\t\t\t\t<\/span>\n\t\t<\/div>\n\t\t\t\t\t\t<\/div>\n\t\t\t\t<\/div>\n\t\t\t\t<div class=\"elementor-element elementor-element-6d15a42 elementor-widget elementor-widget-text-editor\" data-id=\"6d15a42\" data-element_type=\"widget\" data-e-type=\"widget\" data-widget_type=\"text-editor.default\">\n\t\t\t\t<div class=\"elementor-widget-container\">\n\t\t\t\t\t\t\t\t\t<p><span style=\"color: #7a7a7a;\">I offer a free trial lesson. The lesson is non-binding and serves to get to know the teaching method.<\/span><\/p>\t\t\t\t\t\t\t\t<\/div>\n\t\t\t\t<\/div>\n\t\t\t\t\t<\/div>\n\t\t<\/div>\n\t\t\t\t\t<\/div>\n\t\t<\/section>\n\t\t\t\t<section class=\"elementor-section elementor-top-section elementor-element elementor-element-8926b1a elementor-section-boxed elementor-section-height-default elementor-section-height-default\" data-id=\"8926b1a\" data-element_type=\"section\" data-e-type=\"section\">\n\t\t\t\t\t\t<div class=\"elementor-container elementor-column-gap-default\">\n\t\t\t\t\t<div class=\"elementor-column elementor-col-33 elementor-top-column elementor-element elementor-element-e660fc1\" data-id=\"e660fc1\" data-element_type=\"column\" data-e-type=\"column\">\n\t\t\t<div class=\"elementor-widget-wrap elementor-element-populated\">\n\t\t\t\t\t\t<div class=\"elementor-element elementor-element-a11f31c elementor-widget elementor-widget-heading\" data-id=\"a11f31c\" data-element_type=\"widget\" data-e-type=\"widget\" data-widget_type=\"heading.default\">\n\t\t\t\t<div class=\"elementor-widget-container\">\n\t\t\t\t\t<h3 class=\"elementor-heading-title elementor-size-default\">60 Minutes<\/h3>\t\t\t\t<\/div>\n\t\t\t\t<\/div>\n\t\t\t\t<div class=\"elementor-element elementor-element-346950e elementor-widget-divider--view-line elementor-widget elementor-widget-divider\" data-id=\"346950e\" data-element_type=\"widget\" data-e-type=\"widget\" data-widget_type=\"divider.default\">\n\t\t\t\t<div class=\"elementor-widget-container\">\n\t\t\t\t\t\t\t<div class=\"elementor-divider\">\n\t\t\t<span class=\"elementor-divider-separator\">\n\t\t\t\t\t\t<\/span>\n\t\t<\/div>\n\t\t\t\t\t\t<\/div>\n\t\t\t\t<\/div>\n\t\t\t\t<div class=\"elementor-element elementor-element-d086f08 elementor-widget elementor-widget-text-editor\" data-id=\"d086f08\" data-element_type=\"widget\" data-e-type=\"widget\" data-widget_type=\"text-editor.default\">\n\t\t\t\t<div class=\"elementor-widget-container\">\n\t\t\t\t\t\t\t\t\t<p><span style=\"color: #7a7a7a;\">Our lessons usually last 60 minutes. With this lesson duration you have enough time to cover all important topics.<\/span><\/p>\t\t\t\t\t\t\t\t<\/div>\n\t\t\t\t<\/div>\n\t\t\t\t\t<\/div>\n\t\t<\/div>\n\t\t\t\t<div class=\"elementor-column elementor-col-33 elementor-top-column elementor-element elementor-element-f06f038\" data-id=\"f06f038\" data-element_type=\"column\" data-e-type=\"column\">\n\t\t\t<div class=\"elementor-widget-wrap elementor-element-populated\">\n\t\t\t\t\t\t<div class=\"elementor-element elementor-element-1a74501 elementor-widget elementor-widget-heading\" data-id=\"1a74501\" data-element_type=\"widget\" data-e-type=\"widget\" data-widget_type=\"heading.default\">\n\t\t\t\t<div class=\"elementor-widget-container\">\n\t\t\t\t\t<h3 class=\"elementor-heading-title elementor-size-default\">Attractive price<\/h3>\t\t\t\t<\/div>\n\t\t\t\t<\/div>\n\t\t\t\t<div class=\"elementor-element elementor-element-0ed6fbc elementor-widget-divider--view-line elementor-widget elementor-widget-divider\" data-id=\"0ed6fbc\" data-element_type=\"widget\" data-e-type=\"widget\" data-widget_type=\"divider.default\">\n\t\t\t\t<div class=\"elementor-widget-container\">\n\t\t\t\t\t\t\t<div class=\"elementor-divider\">\n\t\t\t<span class=\"elementor-divider-separator\">\n\t\t\t\t\t\t<\/span>\n\t\t<\/div>\n\t\t\t\t\t\t<\/div>\n\t\t\t\t<\/div>\n\t\t\t\t<div class=\"elementor-element elementor-element-e6fbb9e elementor-widget elementor-widget-text-editor\" data-id=\"e6fbb9e\" data-element_type=\"widget\" data-e-type=\"widget\" data-widget_type=\"text-editor.default\">\n\t\t\t\t<div class=\"elementor-widget-container\">\n\t\t\t\t\t\t\t\t\t<p><span style=\"color: #7a7a7a;\">We offer lessons at an attractive, reasonable price. This is not a reflection of the quality ot the lessons.<\/span><\/p>\t\t\t\t\t\t\t\t<\/div>\n\t\t\t\t<\/div>\n\t\t\t\t\t<\/div>\n\t\t<\/div>\n\t\t\t\t<div class=\"elementor-column elementor-col-33 elementor-top-column elementor-element elementor-element-bae789e\" data-id=\"bae789e\" data-element_type=\"column\" data-e-type=\"column\">\n\t\t\t<div class=\"elementor-widget-wrap elementor-element-populated\">\n\t\t\t\t\t\t<div class=\"elementor-element elementor-element-297f4c7 elementor-widget elementor-widget-heading\" data-id=\"297f4c7\" data-element_type=\"widget\" data-e-type=\"widget\" data-widget_type=\"heading.default\">\n\t\t\t\t<div class=\"elementor-widget-container\">\n\t\t\t\t\t<h3 class=\"elementor-heading-title elementor-size-default\">Location<\/h3>\t\t\t\t<\/div>\n\t\t\t\t<\/div>\n\t\t\t\t<div class=\"elementor-element elementor-element-965b280 elementor-widget-divider--view-line elementor-widget elementor-widget-divider\" data-id=\"965b280\" data-element_type=\"widget\" data-e-type=\"widget\" data-widget_type=\"divider.default\">\n\t\t\t\t<div class=\"elementor-widget-container\">\n\t\t\t\t\t\t\t<div class=\"elementor-divider\">\n\t\t\t<span class=\"elementor-divider-separator\">\n\t\t\t\t\t\t<\/span>\n\t\t<\/div>\n\t\t\t\t\t\t<\/div>\n\t\t\t\t<\/div>\n\t\t\t\t<div class=\"elementor-element elementor-element-b5e3c01 elementor-widget elementor-widget-text-editor\" data-id=\"b5e3c01\" data-element_type=\"widget\" data-e-type=\"widget\" data-widget_type=\"text-editor.default\">\n\t\t\t\t<div class=\"elementor-widget-container\">\n\t\t\t\t\t\t\t\t\t<p><span style=\"color: #7a7a7a;\">We teach from all locations. High-quality lessons can be held online.<\/span><\/p>\t\t\t\t\t\t\t\t<\/div>\n\t\t\t\t<\/div>\n\t\t\t\t\t<\/div>\n\t\t<\/div>\n\t\t\t\t\t<\/div>\n\t\t<\/section>\n\t\t\t\t<\/div>","protected":false},"excerpt":{"rendered":"<p>\u00a0 Die Sprachschule f\u00fcr deinen individuellen pers\u00f6nlichen Sprachunterricht. Qualit\u00e4t Wir unterrichten aus Leidenschaft und sind kompetente Lehrkr\u00e4fte. Die hohe Motivation f\u00fcr das Unterrichten, zeichnet sich in qualitativ gutem Unterricht ab. Erfahrung Wir unterrichten seit mehreren Jahren an Sprachschulen und k\u00f6nnen <a href=\"https:\/\/www.edual.ch\/en\/\"> Read more&#8230;<\/a><\/p>","protected":false},"author":3,"featured_media":0,"parent":0,"menu_order":0,"comment_status":"closed","ping_status":"closed","template":"","meta":{"_monsterinsights_skip_tracking":false,"_monsterinsights_sitenote_active":false,"_monsterinsights_sitenote_note":"","_monsterinsights_sitenote_category":0,"footnotes":""},"class_list":["post-7","page","type-page","status-publish","hentry"],"yoast_head":"<!-- This site is optimized with the Yoast SEO plugin v27.4 - https:\/\/yoast.com\/product\/yoast-seo-wordpress\/ -->\n<title>Lernen in Kleingruppen - edual Sprachschule<\/title>\n<meta name=\"description\" content=\"Die Sprachschule f\u00fcr deinen individuellen Sprachunterricht in kleinen Gruppen f\u00fcr Deutsch, Englisch und Ungarisch zu attraktiven Preisen.\" \/>\n<meta name=\"robots\" content=\"index, follow, max-snippet:-1, max-image-preview:large, max-video-preview:-1\" \/>\n<link rel=\"canonical\" href=\"https:\/\/www.edual.ch\/en\/\" \/>\n<meta property=\"og:locale\" content=\"en_US\" \/>\n<meta property=\"og:type\" content=\"article\" \/>\n<meta property=\"og:title\" content=\"Lernen in Kleingruppen - edual Sprachschule\" \/>\n<meta property=\"og:description\" content=\"Die Sprachschule f\u00fcr deinen individuellen Sprachunterricht in kleinen Gruppen f\u00fcr Deutsch, Englisch und Ungarisch zu attraktiven Preisen.\" \/>\n<meta property=\"og:url\" content=\"https:\/\/www.edual.ch\/en\/\" \/>\n<meta property=\"og:site_name\" content=\"edual Sprachschule\" \/>\n<meta property=\"article:modified_time\" content=\"2026-02-15T10:02:37+00:00\" \/>\n<meta name=\"twitter:card\" content=\"summary_large_image\" \/>\n<meta name=\"twitter:label1\" content=\"Est. reading time\" \/>\n\t<meta name=\"twitter:data1\" content=\"2 minutes\" \/>\n<script type=\"application\/ld+json\" class=\"yoast-schema-graph\">{\"@context\":\"https:\\\/\\\/schema.org\",\"@graph\":[{\"@type\":\"WebPage\",\"@id\":\"https:\\\/\\\/www.edual.ch\\\/\",\"url\":\"https:\\\/\\\/www.edual.ch\\\/\",\"name\":\"Lernen in Kleingruppen - edual Sprachschule\",\"isPartOf\":{\"@id\":\"https:\\\/\\\/www.edual.ch\\\/#website\"},\"datePublished\":\"2017-08-20T10:43:07+00:00\",\"dateModified\":\"2026-02-15T10:02:37+00:00\",\"description\":\"Die Sprachschule f\u00fcr deinen individuellen Sprachunterricht in kleinen Gruppen f\u00fcr Deutsch, Englisch und Ungarisch zu attraktiven Preisen.\",\"breadcrumb\":{\"@id\":\"https:\\\/\\\/www.edual.ch\\\/#breadcrumb\"},\"inLanguage\":\"en-US\",\"potentialAction\":[{\"@type\":\"ReadAction\",\"target\":[\"https:\\\/\\\/www.edual.ch\\\/\"]}]},{\"@type\":\"BreadcrumbList\",\"@id\":\"https:\\\/\\\/www.edual.ch\\\/#breadcrumb\",\"itemListElement\":[{\"@type\":\"ListItem\",\"position\":1,\"name\":\"Home\",\"item\":\"https:\\\/\\\/www.edual.ch\\\/\"},{\"@type\":\"ListItem\",\"position\":2,\"name\":\"Lernen in Kleingruppen\"}]},{\"@type\":\"WebSite\",\"@id\":\"https:\\\/\\\/www.edual.ch\\\/#website\",\"url\":\"https:\\\/\\\/www.edual.ch\\\/\",\"name\":\"edual Sprachschule\",\"description\":\"Sprachschule\",\"publisher\":{\"@id\":\"https:\\\/\\\/www.edual.ch\\\/#organization\"},\"potentialAction\":[{\"@type\":\"SearchAction\",\"target\":{\"@type\":\"EntryPoint\",\"urlTemplate\":\"https:\\\/\\\/www.edual.ch\\\/?s={search_term_string}\"},\"query-input\":{\"@type\":\"PropertyValueSpecification\",\"valueRequired\":true,\"valueName\":\"search_term_string\"}}],\"inLanguage\":\"en-US\"},{\"@type\":\"Organization\",\"@id\":\"https:\\\/\\\/www.edual.ch\\\/#organization\",\"name\":\"edual Sprachschule\",\"url\":\"https:\\\/\\\/www.edual.ch\\\/\",\"logo\":{\"@type\":\"ImageObject\",\"inLanguage\":\"en-US\",\"@id\":\"https:\\\/\\\/www.edual.ch\\\/#\\\/schema\\\/logo\\\/image\\\/\",\"url\":\"https:\\\/\\\/www.edual.ch\\\/wp-content\\\/uploads\\\/2019\\\/01\\\/logo_edual2.png\",\"contentUrl\":\"https:\\\/\\\/www.edual.ch\\\/wp-content\\\/uploads\\\/2019\\\/01\\\/logo_edual2.png\",\"width\":1486,\"height\":1289,\"caption\":\"edual Sprachschule\"},\"image\":{\"@id\":\"https:\\\/\\\/www.edual.ch\\\/#\\\/schema\\\/logo\\\/image\\\/\"}}]}<\/script>\n<!-- \/ Yoast SEO plugin. -->","yoast_head_json":{"title":"Lernen in Kleingruppen - edual Sprachschule","description":"Die Sprachschule f\u00fcr deinen individuellen Sprachunterricht in kleinen Gruppen f\u00fcr Deutsch, Englisch und Ungarisch zu attraktiven Preisen.","robots":{"index":"index","follow":"follow","max-snippet":"max-snippet:-1","max-image-preview":"max-image-preview:large","max-video-preview":"max-video-preview:-1"},"canonical":"https:\/\/www.edual.ch\/en\/","og_locale":"en_US","og_type":"article","og_title":"Lernen in Kleingruppen - edual Sprachschule","og_description":"Die Sprachschule f\u00fcr deinen individuellen Sprachunterricht in kleinen Gruppen f\u00fcr Deutsch, Englisch und Ungarisch zu attraktiven Preisen.","og_url":"https:\/\/www.edual.ch\/en\/","og_site_name":"edual Sprachschule","article_modified_time":"2026-02-15T10:02:37+00:00","twitter_card":"summary_large_image","twitter_misc":{"Est. reading time":"2 minutes"},"schema":{"@context":"https:\/\/schema.org","@graph":[{"@type":"WebPage","@id":"https:\/\/www.edual.ch\/","url":"https:\/\/www.edual.ch\/","name":"Lernen in Kleingruppen - edual Sprachschule","isPartOf":{"@id":"https:\/\/www.edual.ch\/#website"},"datePublished":"2017-08-20T10:43:07+00:00","dateModified":"2026-02-15T10:02:37+00:00","description":"Die Sprachschule f\u00fcr deinen individuellen Sprachunterricht in kleinen Gruppen f\u00fcr Deutsch, Englisch und Ungarisch zu attraktiven Preisen.","breadcrumb":{"@id":"https:\/\/www.edual.ch\/#breadcrumb"},"inLanguage":"en-US","potentialAction":[{"@type":"ReadAction","target":["https:\/\/www.edual.ch\/"]}]},{"@type":"BreadcrumbList","@id":"https:\/\/www.edual.ch\/#breadcrumb","itemListElement":[{"@type":"ListItem","position":1,"name":"Home","item":"https:\/\/www.edual.ch\/"},{"@type":"ListItem","position":2,"name":"Lernen in Kleingruppen"}]},{"@type":"WebSite","@id":"https:\/\/www.edual.ch\/#website","url":"https:\/\/www.edual.ch\/","name":"edual Sprachschule","description":"Sprachschule","publisher":{"@id":"https:\/\/www.edual.ch\/#organization"},"potentialAction":[{"@type":"SearchAction","target":{"@type":"EntryPoint","urlTemplate":"https:\/\/www.edual.ch\/?s={search_term_string}"},"query-input":{"@type":"PropertyValueSpecification","valueRequired":true,"valueName":"search_term_string"}}],"inLanguage":"en-US"},{"@type":"Organization","@id":"https:\/\/www.edual.ch\/#organization","name":"edual Sprachschule","url":"https:\/\/www.edual.ch\/","logo":{"@type":"ImageObject","inLanguage":"en-US","@id":"https:\/\/www.edual.ch\/#\/schema\/logo\/image\/","url":"https:\/\/www.edual.ch\/wp-content\/uploads\/2019\/01\/logo_edual2.png","contentUrl":"https:\/\/www.edual.ch\/wp-content\/uploads\/2019\/01\/logo_edual2.png","width":1486,"height":1289,"caption":"edual Sprachschule"},"image":{"@id":"https:\/\/www.edual.ch\/#\/schema\/logo\/image\/"}}]}},"jetpack_sharing_enabled":true,"_links":{"self":[{"href":"https:\/\/www.edual.ch\/en\/wp-json\/wp\/v2\/pages\/7","targetHints":{"allow":["GET"]}}],"collection":[{"href":"https:\/\/www.edual.ch\/en\/wp-json\/wp\/v2\/pages"}],"about":[{"href":"https:\/\/www.edual.ch\/en\/wp-json\/wp\/v2\/types\/page"}],"author":[{"embeddable":true,"href":"https:\/\/www.edual.ch\/en\/wp-json\/wp\/v2\/users\/3"}],"replies":[{"embeddable":true,"href":"https:\/\/www.edual.ch\/en\/wp-json\/wp\/v2\/comments?post=7"}],"version-history":[{"count":67,"href":"https:\/\/www.edual.ch\/en\/wp-json\/wp\/v2\/pages\/7\/revisions"}],"predecessor-version":[{"id":6270,"href":"https:\/\/www.edual.ch\/en\/wp-json\/wp\/v2\/pages\/7\/revisions\/6270"}],"wp:attachment":[{"href":"https:\/\/www.edual.ch\/en\/wp-json\/wp\/v2\/media?parent=7"}],"curies":[{"name":"wp","href":"https:\/\/api.w.org\/{rel}","templated":true}]}}